{"id":875,"date":"2025-07-29T11:28:32","date_gmt":"2025-07-29T14:28:32","guid":{"rendered":"https:\/\/fiodeprata.jlle.site\/product\/faca-assador-i\/"},"modified":"2025-12-12T16:40:36","modified_gmt":"2025-12-12T19:40:36","slug":"faca-assador-i","status":"publish","type":"product","link":"https:\/\/fiodeprata.com\/en\/loja\/churrasco\/faca-assador-i\/","title":{"rendered":"Faca Assador I"},"content":{"rendered":"","protected":false},"excerpt":{"rendered":"<p>Descubra a excel\u00eancia artesanal da Cutelaria Fio de Prata, onde cada pe\u00e7a \u00e9 forjada \u00e0 m\u00e3o com precis\u00e3o e tradi\u00e7\u00e3o. Nossos produtos, acompanhamentos e acess\u00f3rios s\u00e3o produzidos com materiais de alta qualidade, como a\u00e7o inoxid\u00e1vel, a\u00e7o carbono e cabos em madeira ou outros materiais ergon\u00f4micos, garantindo durabilidade e design \u00fanico. Perfeitos para churrascos, cozinha gourmet, aventuras ao ar livre ou como pe\u00e7as de cole\u00e7\u00e3o, nossos produtos combinam funcionalidade e est\u00e9tica. Com garantia vital\u00edcia contra defeitos de fabrica\u00e7\u00e3o, a Fio de Prata entrega n\u00e3o apenas ferramentas, mas uma heran\u00e7a que atravessa gera\u00e7\u00f5es. Visite nossas lojas em Joinville, Blumenau ou Balne\u00e1rio Cambori\u00fa, ou compre online com seguran\u00e7a e receba em todo o Brasil e at\u00e9 mesmo no exterior, ser\u00e1 um prazer atender voc\u00ea e fazer parte da sua fam\u00edlia.<\/p>","protected":false},"featured_media":2616,"template":"","meta":[],"product_brand":[80],"product_cat":[89,90],"product_tag":[35,31,38,39,34,29,30,27,28,32,37,33],"class_list":{"0":"post-875","1":"product","2":"type-product","3":"status-publish","4":"has-post-thumbnail","6":"product_brand-doma","7":"product_cat-churrasco","8":"product_cat-facas","9":"product_tag-aco","10":"product_tag-artesanal","11":"product_tag-balneario-camburiu","12":"product_tag-blumenau","13":"product_tag-cutelaria","14":"product_tag-davila","15":"product_tag-doma-crioula","16":"product_tag-faca","17":"product_tag-fio-de-prata","18":"product_tag-garantia","19":"product_tag-joinville","20":"product_tag-vitalicia","22":"first","23":"instock","24":"featured","25":"shipping-taxable","26":"purchasable","27":"product-type-simple"},"jetpack_sharing_enabled":true,"_links":{"self":[{"href":"https:\/\/fiodeprata.com\/en\/wp-json\/wp\/v2\/product\/875","targetHints":{"allow":["GET"]}}],"collection":[{"href":"https:\/\/fiodeprata.com\/en\/wp-json\/wp\/v2\/product"}],"about":[{"href":"https:\/\/fiodeprata.com\/en\/wp-json\/wp\/v2\/types\/product"}],"version-history":[{"count":2,"href":"https:\/\/fiodeprata.com\/en\/wp-json\/wp\/v2\/product\/875\/revisions"}],"predecessor-version":[{"id":1657,"href":"https:\/\/fiodeprata.com\/en\/wp-json\/wp\/v2\/product\/875\/revisions\/1657"}],"wp:featuredmedia":[{"embeddable":true,"href":"https:\/\/fiodeprata.com\/en\/wp-json\/wp\/v2\/media\/2616"}],"wp:attachment":[{"href":"https:\/\/fiodeprata.com\/en\/wp-json\/wp\/v2\/media?parent=875"}],"wp:term":[{"taxonomy":"product_brand","embeddable":true,"href":"https:\/\/fiodeprata.com\/en\/wp-json\/wp\/v2\/product_brand?post=875"},{"taxonomy":"product_cat","embeddable":true,"href":"https:\/\/fiodeprata.com\/en\/wp-json\/wp\/v2\/product_cat?post=875"},{"taxonomy":"product_tag","embeddable":true,"href":"https:\/\/fiodeprata.com\/en\/wp-json\/wp\/v2\/product_tag?post=875"}],"curies":[{"name":"wp","href":"https:\/\/api.w.org\/{rel}","templated":true}]}}