{"id":840,"date":"2025-07-29T11:28:25","date_gmt":"2025-07-29T14:28:25","guid":{"rendered":"https:\/\/fiodeprata.jlle.site\/product\/faca-macom\/"},"modified":"2025-11-17T12:47:19","modified_gmt":"2025-11-17T15:47:19","slug":"faca-macom","status":"publish","type":"product","link":"https:\/\/fiodeprata.com\/en\/loja\/colecoes\/faca-macom\/","title":{"rendered":"Faca Ma\u00e7om"},"content":{"rendered":"","protected":false},"excerpt":{"rendered":"<p>Descubra a excel\u00eancia artesanal da Cutelaria Fio de Prata, onde cada pe\u00e7a \u00e9 forjada \u00e0 m\u00e3o com precis\u00e3o e tradi\u00e7\u00e3o. Nossos produtos, acompanhamentos e acess\u00f3rios s\u00e3o produzidos com materiais de alta qualidade, como a\u00e7o inoxid\u00e1vel, a\u00e7o carbono e cabos em madeira ou outros materiais ergon\u00f4micos, garantindo durabilidade e design \u00fanico. Perfeitos para churrascos, cozinha gourmet, aventuras ao ar livre ou como pe\u00e7as de cole\u00e7\u00e3o, nossos produtos combinam funcionalidade e est\u00e9tica. Com garantia vital\u00edcia contra defeitos de fabrica\u00e7\u00e3o, a Fio de Prata entrega n\u00e3o apenas ferramentas, mas uma heran\u00e7a que atravessa gera\u00e7\u00f5es. Visite nossas lojas em Joinville, Blumenau ou Balne\u00e1rio Cambori\u00fa, ou compre online com seguran\u00e7a e receba em todo o Brasil e at\u00e9 mesmo no exterior, ser\u00e1 um prazer atender voc\u00ea e fazer parte da sua fam\u00edlia.<\/p>","protected":false},"featured_media":2471,"template":"","meta":[],"product_brand":[47],"product_cat":[105,90,94],"product_tag":[35,31,38,39,34,29,30,27,28,32,37,33],"class_list":{"0":"post-840","1":"product","2":"type-product","3":"status-publish","4":"has-post-thumbnail","6":"product_brand-davila","7":"product_cat-colecoes","8":"product_cat-facas","9":"product_cat-forjada-em-aco-carbono","10":"product_tag-aco","11":"product_tag-artesanal","12":"product_tag-balneario-camburiu","13":"product_tag-blumenau","14":"product_tag-cutelaria","15":"product_tag-davila","16":"product_tag-doma-crioula","17":"product_tag-faca","18":"product_tag-fio-de-prata","19":"product_tag-garantia","20":"product_tag-joinville","21":"product_tag-vitalicia","23":"first","24":"instock","25":"shipping-taxable","26":"purchasable","27":"product-type-simple"},"jetpack_sharing_enabled":true,"_links":{"self":[{"href":"https:\/\/fiodeprata.com\/en\/wp-json\/wp\/v2\/product\/840","targetHints":{"allow":["GET"]}}],"collection":[{"href":"https:\/\/fiodeprata.com\/en\/wp-json\/wp\/v2\/product"}],"about":[{"href":"https:\/\/fiodeprata.com\/en\/wp-json\/wp\/v2\/types\/product"}],"version-history":[{"count":3,"href":"https:\/\/fiodeprata.com\/en\/wp-json\/wp\/v2\/product\/840\/revisions"}],"predecessor-version":[{"id":2472,"href":"https:\/\/fiodeprata.com\/en\/wp-json\/wp\/v2\/product\/840\/revisions\/2472"}],"wp:featuredmedia":[{"embeddable":true,"href":"https:\/\/fiodeprata.com\/en\/wp-json\/wp\/v2\/media\/2471"}],"wp:attachment":[{"href":"https:\/\/fiodeprata.com\/en\/wp-json\/wp\/v2\/media?parent=840"}],"wp:term":[{"taxonomy":"product_brand","embeddable":true,"href":"https:\/\/fiodeprata.com\/en\/wp-json\/wp\/v2\/product_brand?post=840"},{"taxonomy":"product_cat","embeddable":true,"href":"https:\/\/fiodeprata.com\/en\/wp-json\/wp\/v2\/product_cat?post=840"},{"taxonomy":"product_tag","embeddable":true,"href":"https:\/\/fiodeprata.com\/en\/wp-json\/wp\/v2\/product_tag?post=840"}],"curies":[{"name":"wp","href":"https:\/\/api.w.org\/{rel}","templated":true}]}}