{"id":3007,"date":"2026-02-12T14:13:42","date_gmt":"2026-02-12T17:13:42","guid":{"rendered":"https:\/\/fiodeprata.com\/?post_type=product&#038;p=3007"},"modified":"2026-02-12T14:13:43","modified_gmt":"2026-02-12T17:13:43","slug":"faca-maconaria-doma-83mm","status":"publish","type":"product","link":"https:\/\/fiodeprata.com\/en\/loja\/churrasco\/faca-maconaria-doma-83mm\/","title":{"rendered":"Faca Ma\u00e7onaria Doma 8&#8243;3mm"},"content":{"rendered":"<p>Exclusiva faca Doma com tema Ma\u00e7onaria com varios detalhes \u00fanicos!<\/p>","protected":false},"excerpt":{"rendered":"<p>Exclusiva faca Doma com tema Ma\u00e7onaria com varios detalhes \u00fanicos!<\/p>","protected":false},"featured_media":3008,"template":"","meta":[],"product_brand":[80],"product_cat":[89,105,103],"product_tag":[141],"class_list":{"0":"post-3007","1":"product","2":"type-product","3":"status-publish","4":"has-post-thumbnail","6":"product_brand-doma","7":"product_cat-churrasco","8":"product_cat-colecoes","9":"product_cat-laminada-aco-inox","10":"product_tag-maconaria","12":"first","13":"instock","14":"sale","15":"shipping-taxable","16":"purchasable","17":"product-type-simple"},"jetpack_sharing_enabled":true,"_links":{"self":[{"href":"https:\/\/fiodeprata.com\/en\/wp-json\/wp\/v2\/product\/3007","targetHints":{"allow":["GET"]}}],"collection":[{"href":"https:\/\/fiodeprata.com\/en\/wp-json\/wp\/v2\/product"}],"about":[{"href":"https:\/\/fiodeprata.com\/en\/wp-json\/wp\/v2\/types\/product"}],"version-history":[{"count":2,"href":"https:\/\/fiodeprata.com\/en\/wp-json\/wp\/v2\/product\/3007\/revisions"}],"predecessor-version":[{"id":3010,"href":"https:\/\/fiodeprata.com\/en\/wp-json\/wp\/v2\/product\/3007\/revisions\/3010"}],"wp:featuredmedia":[{"embeddable":true,"href":"https:\/\/fiodeprata.com\/en\/wp-json\/wp\/v2\/media\/3008"}],"wp:attachment":[{"href":"https:\/\/fiodeprata.com\/en\/wp-json\/wp\/v2\/media?parent=3007"}],"wp:term":[{"taxonomy":"product_brand","embeddable":true,"href":"https:\/\/fiodeprata.com\/en\/wp-json\/wp\/v2\/product_brand?post=3007"},{"taxonomy":"product_cat","embeddable":true,"href":"https:\/\/fiodeprata.com\/en\/wp-json\/wp\/v2\/product_cat?post=3007"},{"taxonomy":"product_tag","embeddable":true,"href":"https:\/\/fiodeprata.com\/en\/wp-json\/wp\/v2\/product_tag?post=3007"}],"curies":[{"name":"wp","href":"https:\/\/api.w.org\/{rel}","templated":true}]}}