{"id":2170,"date":"2025-09-30T10:35:06","date_gmt":"2025-09-30T13:35:06","guid":{"rendered":"https:\/\/fiodeprata.com\/?page_id=2170"},"modified":"2025-09-30T12:42:55","modified_gmt":"2025-09-30T15:42:55","slug":"em-construcao","status":"publish","type":"page","link":"https:\/\/fiodeprata.com\/en\/em-construcao\/","title":{"rendered":"Em constru\u00e7\u00e3o"},"content":{"rendered":"<div data-elementor-type=\"wp-page\" data-elementor-id=\"2170\" class=\"elementor elementor-2170\" data-elementor-post-type=\"page\">\n\t\t\t\t<div class=\"elementor-element elementor-element-1fdf4b2a e-flex e-con-boxed e-con e-parent\" data-id=\"1fdf4b2a\" data-element_type=\"container\" data-e-type=\"container\" data-settings=\"{&quot;background_background&quot;:&quot;classic&quot;}\">\n\t\t\t\t\t<div class=\"e-con-inner\">\n\t\t\t\t<div class=\"elementor-element elementor-element-41a3eea elementor-widget elementor-widget-heading\" data-id=\"41a3eea\" data-element_type=\"widget\" data-e-type=\"widget\" data-widget_type=\"heading.default\">\n\t\t\t\t<div class=\"elementor-widget-container\">\n\t\t\t\t\t<h2 class=\"elementor-heading-title elementor-size-default\">Desculpe, estamos trabalhando nesta p\u00e1gina agora mesmo.<\/h2>\t\t\t\t<\/div>\n\t\t\t\t<\/div>\n\t\t\t\t<div class=\"elementor-element elementor-element-38e4c05d elementor-widget elementor-widget-heading\" data-id=\"38e4c05d\" data-element_type=\"widget\" data-e-type=\"widget\" data-widget_type=\"heading.default\">\n\t\t\t\t<div class=\"elementor-widget-container\">\n\t\t\t\t\t<h2 class=\"elementor-heading-title elementor-size-default\">Esta p\u00e1gina est\u00e1 em constru\u00e7\u00e3o neste momento, retorne em algumas horas para conferir.<\/h2>\t\t\t\t<\/div>\n\t\t\t\t<\/div>\n\t\t\t\t<div class=\"elementor-element elementor-element-1a812e7a elementor-align-center elementor-widget elementor-widget-button\" data-id=\"1a812e7a\" data-element_type=\"widget\" data-e-type=\"widget\" data-widget_type=\"button.default\">\n\t\t\t\t<div class=\"elementor-widget-container\">\n\t\t\t\t\t\t\t\t\t<div class=\"elementor-button-wrapper\">\n\t\t\t\t\t<a class=\"elementor-button elementor-button-link elementor-size-lg elementor-animation-grow\" href=\"\/en\/loja\/\">\n\t\t\t\t\t\t<span class=\"elementor-button-content-wrapper\">\n\t\t\t\t\t\t\t\t\t<span class=\"elementor-button-text\">Consultar produtos<\/span>\n\t\t\t\t\t<\/span>\n\t\t\t\t\t<\/a>\n\t\t\t\t<\/div>\n\t\t\t\t\t\t\t\t<\/div>\n\t\t\t\t<\/div>\n\t\t\t\t\t<\/div>\n\t\t\t\t<\/div>\n\t\t\t\t<\/div>","protected":false},"excerpt":{"rendered":"<p>Desculpe, estamos trabalhando nesta p\u00e1gina agora mesmo. Esta p\u00e1gina est\u00e1 em constru\u00e7\u00e3o neste momento, retorne em algumas horas para conferir. Consultar produtos<\/p>","protected":false},"author":1,"featured_media":0,"parent":0,"menu_order":0,"comment_status":"closed","ping_status":"closed","template":"","meta":{"footnotes":""},"class_list":["post-2170","page","type-page","status-publish","hentry"],"jetpack_sharing_enabled":true,"_links":{"self":[{"href":"https:\/\/fiodeprata.com\/en\/wp-json\/wp\/v2\/pages\/2170","targetHints":{"allow":["GET"]}}],"collection":[{"href":"https:\/\/fiodeprata.com\/en\/wp-json\/wp\/v2\/pages"}],"about":[{"href":"https:\/\/fiodeprata.com\/en\/wp-json\/wp\/v2\/types\/page"}],"author":[{"embeddable":true,"href":"https:\/\/fiodeprata.com\/en\/wp-json\/wp\/v2\/users\/1"}],"replies":[{"embeddable":true,"href":"https:\/\/fiodeprata.com\/en\/wp-json\/wp\/v2\/comments?post=2170"}],"version-history":[{"count":25,"href":"https:\/\/fiodeprata.com\/en\/wp-json\/wp\/v2\/pages\/2170\/revisions"}],"predecessor-version":[{"id":2224,"href":"https:\/\/fiodeprata.com\/en\/wp-json\/wp\/v2\/pages\/2170\/revisions\/2224"}],"wp:attachment":[{"href":"https:\/\/fiodeprata.com\/en\/wp-json\/wp\/v2\/media?parent=2170"}],"curies":[{"name":"wp","href":"https:\/\/api.w.org\/{rel}","templated":true}]}}